{"id":78,"date":"2024-01-01T14:27:24","date_gmt":"2024-01-01T14:27:24","guid":{"rendered":"https:\/\/justpartner.pl\/?page_id=78"},"modified":"2025-11-26T17:40:24","modified_gmt":"2025-11-26T17:40:24","slug":"pay","status":"publish","type":"page","link":"https:\/\/justpartner.pl\/pl\/pay\/","title":{"rendered":"Wyp\u0142aty i warunki p\u0142atno\u015bci | Just Partner"},"content":{"rendered":"<div data-elementor-type=\"wp-page\" data-elementor-id=\"78\" class=\"elementor elementor-78\" data-elementor-post-type=\"page\">\n\t\t\t\t\t\t<section class=\"elementor-section elementor-top-section elementor-element elementor-element-17f35690 elementor-section-boxed elementor-section-height-default elementor-section-height-default sc_fly_static\" data-id=\"17f35690\" data-element_type=\"section\">\n\t\t\t\t\t\t<div class=\"elementor-container elementor-column-gap-extended\">\n\t\t\t\t\t<div class=\"elementor-column elementor-col-100 elementor-top-column elementor-element elementor-element-4d76d687 sc_content_align_inherit sc_layouts_column_icons_position_left sc_fly_static\" data-id=\"4d76d687\" data-element_type=\"column\">\n\t\t\t<div class=\"elementor-widget-wrap elementor-element-populated\">\n\t\t\t\t\t\t<div class=\"elementor-element elementor-element-4fa0414a sc_fly_static elementor-widget elementor-widget-text-editor\" data-id=\"4fa0414a\" data-element_type=\"widget\" data-widget_type=\"text-editor.default\">\n\t\t\t\t<div class=\"elementor-widget-container\">\n\t\t\t\t\t\t\t\t\t<h2 data-start=\"180\" data-end=\"206\"><strong data-start=\"183\" data-end=\"204\">Wyp\u0142aty dla partner\u00f3w<\/strong><\/h2><p data-start=\"207\" data-end=\"235\">\ud83d\udcb3 <strong data-start=\"210\" data-end=\"235\">P\u0142atno\u015b\u0107 za us\u0142ugi partnerskie<\/strong><\/p><hr data-start=\"237\" data-end=\"240\" \/><h3 data-start=\"242\" data-end=\"275\"><strong data-start=\"246\" data-end=\"273\">Opcje wsp\u00f3\u0142pracy<\/strong><\/h3><ul data-start=\"276\" data-end=\"319\"><li data-start=\"276\" data-end=\"299\"><p data-start=\"278\" data-end=\"299\"><strong data-start=\"278\" data-end=\"297\">170 z\u0142 \u2014 0% VAT<\/strong><\/p><\/li><li data-start=\"300\" data-end=\"319\"><p data-start=\"302\" data-end=\"319\"><strong data-start=\"302\" data-end=\"319\">0 z\u0142 \u2014 8% VAT<\/strong><\/p><\/li><\/ul><p data-start=\"321\" data-end=\"384\">Wyp\u0142aty realizowane s\u0105 <strong data-start=\"340\" data-end=\"384\">co tydzie\u0144 \u2014 od poniedzia\u0142ku do wtorku.<\/strong><\/p><hr data-start=\"386\" data-end=\"389\" \/><h3 data-start=\"391\" data-end=\"424\"><strong data-start=\"395\" data-end=\"422\">ZUS (sk\u0142adki spo\u0142eczne)<\/strong><\/h3><ul data-start=\"425\" data-end=\"556\"><li data-start=\"425\" data-end=\"464\"><p data-start=\"427\" data-end=\"464\"><strong data-start=\"427\" data-end=\"437\">250 z\u0142<\/strong> \u2014 standardowa sk\u0142adka ZUS<\/p><\/li><li data-start=\"465\" data-end=\"556\"><p data-start=\"467\" data-end=\"556\"><strong data-start=\"467\" data-end=\"477\">100 z\u0142<\/strong> je\u015bli masz g\u0142\u00f3wne miejsce pracy z dochodem nie ni\u017cszym ni\u017c p\u0142aca minimalna<\/p><\/li><\/ul><p data-start=\"558\" data-end=\"741\">Dla obywateli <strong data-start=\"570\" data-end=\"596\">innych kraj\u00f3w ni\u017c Ukraina i Polska<\/strong> potr\u0105cana jest dodatkowa op\u0142ata <strong data-start=\"624\" data-end=\"634\">100 z\u0142<\/strong> przy pierwszej p\u0142atno\u015bci ZUS<br data-start=\"658\" data-end=\"661\" \/>kwota ta przeznaczana jest na przygotowanie <strong data-start=\"692\" data-end=\"741\">zaproszenia do pracy.<\/strong><\/p><hr data-start=\"743\" data-end=\"746\" \/><h3 data-start=\"748\" data-end=\"777\"><strong data-start=\"752\" data-end=\"775\">Zwrot VAT<\/strong><\/h3><p data-start=\"778\" data-end=\"843\">Otrzymujesz <strong data-start=\"791\" data-end=\"823\">zwrot 50% kwoty podatku VAT<\/strong> z ka\u017cdej faktury.<\/p><p data-start=\"845\" data-end=\"1028\">\ud83d\udca1 <em data-start=\"848\" data-end=\"857\">Przyk\u0142ad:<\/em><br data-start=\"857\" data-end=\"860\" \/>Je\u015bli zatankowa\u0142e\u015b za <strong data-start=\"883\" data-end=\"893\">100 z\u0142<\/strong>, a VAT wynosi\u0142 <strong data-start=\"910\" data-end=\"922\">18,70 z\u0142<\/strong><br data-start=\"923\" data-end=\"926\" \/>otrzymasz <strong data-start=\"941\" data-end=\"974\">po\u0142ow\u0119 tej kwoty (9,35 z\u0142)<\/strong> z powrotem<br data-start=\"984\" data-end=\"987\" \/>razem z g\u0142\u00f3wn\u0105 wyp\u0142at\u0105 na swoje konto.<\/p><hr data-start=\"1030\" data-end=\"1033\" \/><h3 data-start=\"1035\" data-end=\"1077\">Zwrot koszt\u00f3w<\/h3><p data-start=\"1078\" data-end=\"1106\">Ca\u0142\u0105 kwot\u0119 z faktury otrzymujesz przelewem z tytu\u0142em Zwrot koszt\u00f3w, kt\u00f3ry nie jest opodatkowany.<br \/><br \/><img decoding=\"async\" class=\"emoji emoji-small opacity-transition slow shown open\" draggable=\"false\" src=\"https:\/\/web.telegram.org\/a\/img-apple-64\/1f4a1.png\" alt=\"\ud83d\udca1\" data-path=\".\/img-apple-64\/1f4a1.png\" \/>\u00a0Przyk\u0142ad:<br \/>Je\u015bli zarobi\u0142e\u015b 1000 z\u0142 i masz dodan\u0105 faktur\u0119 na 100 z\u0142 (netto),<br \/>otrzymasz:<br \/><br \/>100 z\u0142 \u2014 przelew z tytu\u0142em \u201eZwrot koszt\u00f3w\u201d (bez podatku),<br \/><br \/>900 z\u0142 \u2014 przelew z tytu\u0142em \u201eUmowa najmu\u201d, od kt\u00f3rego pobiera si\u0119 8,5% podatku.<\/p>\t\t\t\t\t\t\t\t<\/div>\n\t\t\t\t<\/div>\n\t\t\t\t<div class=\"elementor-element elementor-element-78104d66 elementor-widget-divider--view-line sc_fly_static elementor-widget elementor-widget-divider\" data-id=\"78104d66\" data-element_type=\"widget\" data-widget_type=\"divider.default\">\n\t\t\t\t<div class=\"elementor-widget-container\">\n\t\t\t\t\t\t\t<div class=\"elementor-divider\">\n\t\t\t<span class=\"elementor-divider-separator\">\n\t\t\t\t\t\t<\/span>\n\t\t<\/div>\n\t\t\t\t\t\t<\/div>\n\t\t\t\t<\/div>\n\t\t\t\t\t<\/div>\n\t\t<\/div>\n\t\t\t\t\t<\/div>\n\t\t<\/section>\n\t\t\t\t<section class=\"elementor-section elementor-top-section elementor-element elementor-element-899e414 elementor-section-boxed elementor-section-height-default elementor-section-height-default sc_fly_static\" data-id=\"899e414\" data-element_type=\"section\">\n\t\t\t\t\t\t<div class=\"elementor-container elementor-column-gap-extended\">\n\t\t\t\t\t<div class=\"elementor-column elementor-col-100 elementor-top-column elementor-element elementor-element-20ad2fe sc_content_align_inherit sc_layouts_column_icons_position_left sc_fly_static\" data-id=\"20ad2fe\" data-element_type=\"column\">\n\t\t\t<div class=\"elementor-widget-wrap elementor-element-populated\">\n\t\t\t\t\t\t<div class=\"elementor-element elementor-element-0ab0176 sc_height_huge sc_fly_static elementor-widget elementor-widget-spacer\" data-id=\"0ab0176\" data-element_type=\"widget\" data-widget_type=\"spacer.default\">\n\t\t\t\t<div class=\"elementor-widget-container\">\n\t\t\t\t\t\t\t<div class=\"elementor-spacer\">\n\t\t\t<div class=\"elementor-spacer-inner\"><\/div>\n\t\t<\/div>\n\t\t\t\t\t\t<\/div>\n\t\t\t\t<\/div>\n\t\t\t\t<div class=\"elementor-element elementor-element-77d3eeb sc_fly_static elementor-widget elementor-widget-spacer\" data-id=\"77d3eeb\" data-element_type=\"widget\" data-widget_type=\"spacer.default\">\n\t\t\t\t<div class=\"elementor-widget-container\">\n\t\t\t\t\t\t\t<div class=\"elementor-spacer\">\n\t\t\t<div class=\"elementor-spacer-inner\"><\/div>\n\t\t<\/div>\n\t\t\t\t\t\t<\/div>\n\t\t\t\t<\/div>\n\t\t\t\t<div data-animation-type=\"block\" class=\"elementor-element elementor-element-67f1223 animation_type_block sc_fly_static elementor-invisible elementor-widget elementor-widget-trx_sc_title\" data-id=\"67f1223\" data-element_type=\"widget\" data-settings=\"{&quot;_animation&quot;:&quot;variety-fadeinup&quot;}\" data-widget_type=\"trx_sc_title.default\">\n\t\t\t\t<div class=\"elementor-widget-container\">\n\t\t\t\t\t<div\t\tclass=\"sc_title sc_title_default\" ><h1 class=\"sc_item_title sc_title_title sc_align_center sc_item_title_style_default sc_item_title_tag\"\n\t\t\t><span class=\"sc_item_title_text\">Masz <i>pytania?<\/i><\/span><\/h1><\/div>\t\t\t\t<\/div>\n\t\t\t\t<\/div>\n\t\t\t\t<div class=\"elementor-element elementor-element-8e01673 sc_height_small sc_fly_static elementor-widget elementor-widget-spacer\" data-id=\"8e01673\" data-element_type=\"widget\" data-widget_type=\"spacer.default\">\n\t\t\t\t<div class=\"elementor-widget-container\">\n\t\t\t\t\t\t\t<div class=\"elementor-spacer\">\n\t\t\t<div class=\"elementor-spacer-inner\"><\/div>\n\t\t<\/div>\n\t\t\t\t\t\t<\/div>\n\t\t\t\t<\/div>\n\t\t\t\t<div class=\"elementor-element elementor-element-565def7 sc_fly_static elementor-widget elementor-widget-trx_sc_contact_form_7\" data-id=\"565def7\" data-element_type=\"widget\" data-widget_type=\"trx_sc_contact_form_7.default\">\n\t\t\t\t<div class=\"elementor-widget-container\">\n\t\t\t\t\t\n<div class=\"wpcf7 no-js\" id=\"wpcf7-f5-o1\" lang=\"en-US\" dir=\"ltr\" data-wpcf7-id=\"5\">\n<div class=\"screen-reader-response\"><p role=\"status\" aria-live=\"polite\" aria-atomic=\"true\"><\/p> <ul><\/ul><\/div>\n<form action=\"\/pl\/wp-json\/wp\/v2\/pages\/78#wpcf7-f5-o1\" method=\"post\" class=\"wpcf7-form init\" aria-label=\"Contact form\" novalidate=\"novalidate\" data-status=\"init\" data-trp-original-action=\"\/pl\/wp-json\/wp\/v2\/pages\/78#wpcf7-f5-o1\">\n<fieldset class=\"hidden-fields-container\"><input type=\"hidden\" name=\"_wpcf7\" value=\"5\" \/><input type=\"hidden\" name=\"_wpcf7_version\" value=\"6.1.3\" \/><input type=\"hidden\" name=\"_wpcf7_locale\" value=\"en_US\" \/><input type=\"hidden\" name=\"_wpcf7_unit_tag\" value=\"wpcf7-f5-o1\" \/><input type=\"hidden\" name=\"_wpcf7_container_post\" value=\"0\" \/><input type=\"hidden\" name=\"_wpcf7_posted_data_hash\" value=\"\" \/>\n<\/fieldset>\n<div class=\"form-style-1\">\n\t<div class=\"columns_wrap\">\n\t\t<div class=\"column-1_2\">\n\t\t\t<p><span class=\"style-line icon-name\"><span class=\"wpcf7-form-control-wrap\" data-name=\"your-name\"><input size=\"40\" maxlength=\"400\" class=\"wpcf7-form-control wpcf7-text wpcf7-validates-as-required\" aria-required=\"true\" aria-invalid=\"false\" placeholder=\"Imi\u0119\" value=\"\" type=\"text\" name=\"your-name\" \/><\/span><\/span>\n\t\t\t<\/p>\n\t\t<\/div>\n\t\t<div class=\"column-1_2\">\n\t\t\t<p><span class=\"style-line icon-email\"><span class=\"wpcf7-form-control-wrap\" data-name=\"your-email\"><input size=\"40\" maxlength=\"400\" class=\"wpcf7-form-control wpcf7-email wpcf7-validates-as-required wpcf7-text wpcf7-validates-as-email\" aria-required=\"true\" aria-invalid=\"false\" placeholder=\"Email\" value=\"\" type=\"email\" name=\"your-email\" \/><\/span><\/span>\n\t\t\t<\/p>\n\t\t<\/div>\n\t<\/div>\n\t<div class=\"columns_wrap\">\n\t\t<div class=\"column-1_2\">\n\t\t\t<p><span class=\"style-line icon-phone\"><span class=\"wpcf7-form-control-wrap\" data-name=\"phone\"><input size=\"40\" maxlength=\"400\" class=\"wpcf7-form-control wpcf7-tel wpcf7-validates-as-required wpcf7-text wpcf7-validates-as-tel\" aria-required=\"true\" aria-invalid=\"false\" placeholder=\"Telefon\" value=\"\" type=\"tel\" name=\"phone\" \/><\/span><\/span>\n\t\t\t<\/p>\n\t\t<\/div>\n\t\t<div class=\"column-1_2\">\n\t\t\t<p><span class=\"style-line icon-subject\"><span class=\"wpcf7-form-control-wrap\" data-name=\"subject\"><input size=\"40\" maxlength=\"400\" class=\"wpcf7-form-control wpcf7-text wpcf7-validates-as-required\" aria-required=\"true\" aria-invalid=\"false\" placeholder=\"Temat\" value=\"\" type=\"text\" name=\"subject\" \/><\/span><\/span>\n\t\t\t<\/p>\n\t\t<\/div>\n\t<\/div>\n\t<div class=\"columns_wrap margin-bottom\">\n\t\t<div class=\"column-1_1\">\n\t\t\t<p><span class=\"style-line icon-textarea\"><span class=\"wpcf7-form-control-wrap\" data-name=\"your-message\"><textarea cols=\"40\" rows=\"10\" maxlength=\"2000\" class=\"wpcf7-form-control wpcf7-textarea wpcf7-validates-as-required\" aria-required=\"true\" aria-invalid=\"false\" placeholder=\"Zadaj swoje pytanie\" name=\"your-message\"><\/textarea><\/span><\/span>\n\t\t\t<\/p>\n\t\t<\/div>\n\t<\/div>\n\t<div style=\"text-align:center;\">\n\t\t<p><input class=\"wpcf7-form-control wpcf7-submit has-spinner\" type=\"submit\" value=\"Wy\u015blij\" \/>\n\t\t<\/p>\n\t<\/div>\n<\/div><div class=\"wpcf7-response-output\" aria-hidden=\"true\"><\/div>\n<input type=\"hidden\" name=\"trp-form-language\" value=\"pl\"\/><\/form>\n<\/div>\n\t\t\t\t<\/div>\n\t\t\t\t<\/div>\n\t\t\t\t\t<\/div>\n\t\t<\/div>\n\t\t\t\t\t<\/div>\n\t\t<\/section>\n\t\t\t\t<\/div>","protected":false},"excerpt":{"rendered":"<p>\u0412\u044b\u043f\u043b\u0430\u0442\u044b \u043f\u0430\u0440\u0442\u043d\u0451\u0440\u0430\u043c \ud83d\udcb3 \u041e\u043f\u043b\u0430\u0442\u0430 \u0443\u0441\u043b\u0443\u0433 \u043f\u0430\u0440\u0442\u043d\u0451\u0440\u0430 \u0412\u0430\u0440\u0438\u0430\u043d\u0442\u044b \u0441\u043e\u0442\u0440\u0443\u0434\u043d\u0438\u0447\u0435\u0441\u0442\u0432\u0430 170 z\u0142 \u2014 0% VAT 0 z\u0142 \u2014 8% VAT \u0412\u044b\u043f\u043b\u0430\u0442\u044b \u043f\u0440\u043e\u0438\u0441\u0445\u043e\u0434\u044f\u0442 \u0435\u0436\u0435\u043d\u0435\u0434\u0435\u043b\u044c\u043d\u043e \u2014 \u0441 \u043f\u043e\u043d\u0435\u0434\u0435\u043b\u044c\u043d\u0438\u043a\u0430 \u043f\u043e \u0432\u0442\u043e\u0440\u043d\u0438\u043a. ZUS (\u0441\u043e\u0446\u0438\u0430\u043b\u044c\u043d\u044b\u0435 \u0432\u0437\u043d\u043e\u0441\u044b) 250&hellip;<\/p>","protected":false},"author":1,"featured_media":0,"parent":0,"menu_order":0,"comment_status":"closed","ping_status":"closed","template":"","meta":{"footnotes":""},"class_list":["post-78","page","type-page","status-publish","hentry"],"_links":{"self":[{"href":"https:\/\/justpartner.pl\/pl\/wp-json\/wp\/v2\/pages\/78","targetHints":{"allow":["GET"]}}],"collection":[{"href":"https:\/\/justpartner.pl\/pl\/wp-json\/wp\/v2\/pages"}],"about":[{"href":"https:\/\/justpartner.pl\/pl\/wp-json\/wp\/v2\/types\/page"}],"author":[{"embeddable":true,"href":"https:\/\/justpartner.pl\/pl\/wp-json\/wp\/v2\/users\/1"}],"replies":[{"embeddable":true,"href":"https:\/\/justpartner.pl\/pl\/wp-json\/wp\/v2\/comments?post=78"}],"version-history":[{"count":14,"href":"https:\/\/justpartner.pl\/pl\/wp-json\/wp\/v2\/pages\/78\/revisions"}],"predecessor-version":[{"id":25380,"href":"https:\/\/justpartner.pl\/pl\/wp-json\/wp\/v2\/pages\/78\/revisions\/25380"}],"wp:attachment":[{"href":"https:\/\/justpartner.pl\/pl\/wp-json\/wp\/v2\/media?parent=78"}],"curies":[{"name":"wp","href":"https:\/\/api.w.org\/{rel}","templated":true}]}}