{"id":25245,"date":"2025-11-03T08:38:09","date_gmt":"2025-11-03T08:38:09","guid":{"rendered":"https:\/\/justpartner.pl\/?page_id=25245"},"modified":"2025-11-05T08:38:22","modified_gmt":"2025-11-05T08:38:22","slug":"tax","status":"publish","type":"page","link":"https:\/\/justpartner.pl\/pl\/tax\/","title":{"rendered":"Taksometr, terminal i drukarka dla kierowc\u00f3w | Just Partner"},"content":{"rendered":"<div data-elementor-type=\"wp-page\" data-elementor-id=\"25245\" class=\"elementor elementor-25245\" data-elementor-post-type=\"page\">\n\t\t\t\t\t\t<section class=\"elementor-section elementor-top-section elementor-element elementor-element-17f35690 elementor-section-boxed elementor-section-height-default elementor-section-height-default sc_fly_static\" data-id=\"17f35690\" data-element_type=\"section\">\n\t\t\t\t\t\t<div class=\"elementor-container elementor-column-gap-extended\">\n\t\t\t\t\t<div class=\"elementor-column elementor-col-100 elementor-top-column elementor-element elementor-element-4d76d687 sc_content_align_inherit sc_layouts_column_icons_position_left sc_fly_static\" data-id=\"4d76d687\" data-element_type=\"column\">\n\t\t\t<div class=\"elementor-widget-wrap elementor-element-populated\">\n\t\t\t\t\t\t<div class=\"elementor-element elementor-element-4fa0414a sc_fly_static elementor-widget elementor-widget-text-editor\" data-id=\"4fa0414a\" data-element_type=\"widget\" data-widget_type=\"text-editor.default\">\n\t\t\t\t<div class=\"elementor-widget-container\">\n\t\t\t\t\t\t\t\t\t<h2 data-start=\"197\" data-end=\"218\"><strong data-start=\"200\" data-end=\"216\">Sprz\u0119t<\/strong><\/h2><p data-start=\"219\" data-end=\"287\"><strong data-start=\"219\" data-end=\"257\">Taksometr, terminal, drukarka paragon\u00f3w<\/strong><br data-start=\"257\" data-end=\"260\" \/>\ud83d\udcb8 <strong data-start=\"263\" data-end=\"285\">120 z\u0142 \/ miesi\u0105c<\/strong><\/p><p data-start=\"289\" data-end=\"326\">Cena obejmuje pe\u0142ny zestaw:<\/p><ul data-start=\"327\" data-end=\"406\"><li data-start=\"327\" data-end=\"357\"><p data-start=\"329\" data-end=\"357\">taksometr \u2014 100 z\u0142 \/ miesi\u0105c<\/p><\/li><li data-start=\"358\" data-end=\"384\"><p data-start=\"360\" data-end=\"384\">drukarka paragon\u00f3w \u2014 +10 z\u0142<\/p><\/li><li data-start=\"385\" data-end=\"406\"><p data-start=\"387\" data-end=\"406\">terminal p\u0142atniczy \u2014 +10 z\u0142<\/p><\/li><\/ul><p data-start=\"408\" data-end=\"556\">Terminal <strong data-start=\"417\" data-end=\"426\">SumUp<\/strong> mo\u017cesz zakupi\u0107 sprz\u0119t samodzielnie,<br data-start=\"463\" data-end=\"466\" \/>lub przyjmowa\u0107 p\u0142atno\u015bci kart\u0105 bezpo\u015brednio przez smartfon, je\u015bli tw\u00f3j telefon obs\u0142uguje t\u0119 funkcj\u0119 <strong data-start=\"546\" data-end=\"553\">NFC<\/strong>.<\/p><hr data-start=\"558\" data-end=\"561\" \/><h3 data-start=\"563\" data-end=\"591\"><strong data-start=\"567\" data-end=\"589\">Kaucja zwrotna<\/strong><\/h3><ul data-start=\"592\" data-end=\"634\"><li data-start=\"592\" data-end=\"613\"><p data-start=\"594\" data-end=\"613\">50 z\u0142 za terminal<\/p><\/li><li data-start=\"614\" data-end=\"634\"><p data-start=\"616\" data-end=\"634\">50 z\u0142 za drukark\u0119<\/p><\/li><\/ul><p data-start=\"636\" data-end=\"742\">Kaucja jest w pe\u0142ni zwracana po zako\u0144czeniu wsp\u00f3\u0142pracy i zwrocie sprz\u0119tu w dobrym stanie technicznym.<\/p><hr data-start=\"744\" data-end=\"747\" \/><h3 data-start=\"749\" data-end=\"789\"><strong data-start=\"753\" data-end=\"787\">Legalna praca z taksometrem<\/strong><\/h3><p data-start=\"790\" data-end=\"1012\">Korzystaj\u0105c z tego zestawu, uzyskujesz <strong data-start=\"830\" data-end=\"873\">oficjalne prawo do przewozu pasa\u017cer\u00f3w<\/strong> przy u\u017cyciu taksometru, <strong data-start=\"903\" data-end=\"937\">bez konieczno\u015bci wsp\u00f3\u0142pracy z aplikacjami takimi jak<\/strong> Uber, Bolt, FreeNow itp.<br data-start=\"966\" data-end=\"969\" \/>Ceny kurs\u00f3w mog\u0105 Ci\u0119 pozytywnie zaskoczy\u0107 \ud83d\ude42<\/p><hr data-start=\"1014\" data-end=\"1017\" \/><h3 data-start=\"1019\" data-end=\"1050\"><strong data-start=\"1023\" data-end=\"1048\">Aplikacja Xtaksometr<\/strong><\/h3><p data-start=\"1051\" data-end=\"1157\">Aplikacja <strong data-start=\"1062\" data-end=\"1076\">Xtaksometr<\/strong> instalowana jest na smartfonie (wy\u0142\u0105cznie urz\u0105dzenia z systemem <strong data-start=\"1142\" data-end=\"1153\">Android<\/strong>).<\/p><hr data-start=\"1159\" data-end=\"1162\" \/><h3 data-start=\"1164\" data-end=\"1180\"><strong data-start=\"1168\" data-end=\"1178\">P\u0142atno\u015b\u0107<\/strong><\/h3><p data-start=\"1181\" data-end=\"1357\">Op\u0142ata za sprz\u0119t pobierana jest <strong data-start=\"1217\" data-end=\"1265\">ostatniego dnia miesi\u0105ca za nast\u0119pny miesi\u0105c<\/strong>,<br data-start=\"1266\" data-end=\"1269\" \/>niezale\u017cnie od wybranego harmonogramu wyp\u0142at (dzienny, tygodniowy lub miesi\u0119czny).<\/p><hr data-start=\"1359\" data-end=\"1362\" \/><h3 data-start=\"1364\" data-end=\"1380\"><strong data-start=\"1368\" data-end=\"1378\">Wa\u017cne!<\/strong><\/h3><p data-start=\"1381\" data-end=\"1498\">Z ca\u0142kowitego obrotu z taksometru nale\u017cy odprowadzi\u0107 <strong data-start=\"1433\" data-end=\"1446\">8% podatku<\/strong>,<br data-start=\"1447\" data-end=\"1450\" \/>a z obrotu z terminala \u2014 <strong data-start=\"1477\" data-end=\"1495\">1,49% prowizji<\/strong>.<\/p>\t\t\t\t\t\t\t\t<\/div>\n\t\t\t\t<\/div>\n\t\t\t\t<div class=\"elementor-element elementor-element-78104d66 elementor-widget-divider--view-line sc_fly_static elementor-widget elementor-widget-divider\" data-id=\"78104d66\" data-element_type=\"widget\" data-widget_type=\"divider.default\">\n\t\t\t\t<div class=\"elementor-widget-container\">\n\t\t\t\t\t\t\t<div class=\"elementor-divider\">\n\t\t\t<span class=\"elementor-divider-separator\">\n\t\t\t\t\t\t<\/span>\n\t\t<\/div>\n\t\t\t\t\t\t<\/div>\n\t\t\t\t<\/div>\n\t\t\t\t\t<\/div>\n\t\t<\/div>\n\t\t\t\t\t<\/div>\n\t\t<\/section>\n\t\t\t\t<section class=\"elementor-section elementor-top-section elementor-element elementor-element-899e414 elementor-section-boxed elementor-section-height-default elementor-section-height-default sc_fly_static\" data-id=\"899e414\" data-element_type=\"section\">\n\t\t\t\t\t\t<div class=\"elementor-container elementor-column-gap-extended\">\n\t\t\t\t\t<div class=\"elementor-column elementor-col-100 elementor-top-column elementor-element elementor-element-20ad2fe sc_content_align_inherit sc_layouts_column_icons_position_left sc_fly_static\" data-id=\"20ad2fe\" data-element_type=\"column\">\n\t\t\t<div class=\"elementor-widget-wrap elementor-element-populated\">\n\t\t\t\t\t\t<div class=\"elementor-element elementor-element-0ab0176 sc_height_huge sc_fly_static elementor-widget elementor-widget-spacer\" data-id=\"0ab0176\" data-element_type=\"widget\" data-widget_type=\"spacer.default\">\n\t\t\t\t<div class=\"elementor-widget-container\">\n\t\t\t\t\t\t\t<div class=\"elementor-spacer\">\n\t\t\t<div class=\"elementor-spacer-inner\"><\/div>\n\t\t<\/div>\n\t\t\t\t\t\t<\/div>\n\t\t\t\t<\/div>\n\t\t\t\t<div class=\"elementor-element elementor-element-77d3eeb sc_fly_static elementor-widget elementor-widget-spacer\" data-id=\"77d3eeb\" data-element_type=\"widget\" data-widget_type=\"spacer.default\">\n\t\t\t\t<div class=\"elementor-widget-container\">\n\t\t\t\t\t\t\t<div class=\"elementor-spacer\">\n\t\t\t<div class=\"elementor-spacer-inner\"><\/div>\n\t\t<\/div>\n\t\t\t\t\t\t<\/div>\n\t\t\t\t<\/div>\n\t\t\t\t<div data-animation-type=\"block\" class=\"elementor-element elementor-element-67f1223 animation_type_block sc_fly_static elementor-invisible elementor-widget elementor-widget-trx_sc_title\" data-id=\"67f1223\" data-element_type=\"widget\" data-settings=\"{&quot;_animation&quot;:&quot;variety-fadeinup&quot;}\" data-widget_type=\"trx_sc_title.default\">\n\t\t\t\t<div class=\"elementor-widget-container\">\n\t\t\t\t\t<div\t\tclass=\"sc_title sc_title_default\" ><h1 class=\"sc_item_title sc_title_title sc_align_center sc_item_title_style_default sc_item_title_tag\"\n\t\t\t><span class=\"sc_item_title_text\">Masz <i>pytania?<\/i><\/span><\/h1><\/div>\t\t\t\t<\/div>\n\t\t\t\t<\/div>\n\t\t\t\t<div class=\"elementor-element elementor-element-8e01673 sc_height_small sc_fly_static elementor-widget elementor-widget-spacer\" data-id=\"8e01673\" data-element_type=\"widget\" data-widget_type=\"spacer.default\">\n\t\t\t\t<div class=\"elementor-widget-container\">\n\t\t\t\t\t\t\t<div class=\"elementor-spacer\">\n\t\t\t<div class=\"elementor-spacer-inner\"><\/div>\n\t\t<\/div>\n\t\t\t\t\t\t<\/div>\n\t\t\t\t<\/div>\n\t\t\t\t<div class=\"elementor-element elementor-element-565def7 sc_fly_static elementor-widget elementor-widget-trx_sc_contact_form_7\" data-id=\"565def7\" data-element_type=\"widget\" data-widget_type=\"trx_sc_contact_form_7.default\">\n\t\t\t\t<div class=\"elementor-widget-container\">\n\t\t\t\t\t\n<div class=\"wpcf7 no-js\" id=\"wpcf7-f5-o1\" lang=\"en-US\" dir=\"ltr\" data-wpcf7-id=\"5\">\n<div class=\"screen-reader-response\"><p role=\"status\" aria-live=\"polite\" aria-atomic=\"true\"><\/p> <ul><\/ul><\/div>\n<form action=\"\/pl\/wp-json\/wp\/v2\/pages\/25245#wpcf7-f5-o1\" method=\"post\" class=\"wpcf7-form init\" aria-label=\"Contact form\" novalidate=\"novalidate\" data-status=\"init\" data-trp-original-action=\"\/pl\/wp-json\/wp\/v2\/pages\/25245#wpcf7-f5-o1\">\n<fieldset class=\"hidden-fields-container\"><input type=\"hidden\" name=\"_wpcf7\" value=\"5\" \/><input type=\"hidden\" name=\"_wpcf7_version\" value=\"6.1.3\" \/><input type=\"hidden\" name=\"_wpcf7_locale\" value=\"en_US\" \/><input type=\"hidden\" name=\"_wpcf7_unit_tag\" value=\"wpcf7-f5-o1\" \/><input type=\"hidden\" name=\"_wpcf7_container_post\" value=\"0\" \/><input type=\"hidden\" name=\"_wpcf7_posted_data_hash\" value=\"\" \/>\n<\/fieldset>\n<div class=\"form-style-1\">\n\t<div class=\"columns_wrap\">\n\t\t<div class=\"column-1_2\">\n\t\t\t<p><span class=\"style-line icon-name\"><span class=\"wpcf7-form-control-wrap\" data-name=\"your-name\"><input size=\"40\" maxlength=\"400\" class=\"wpcf7-form-control wpcf7-text wpcf7-validates-as-required\" aria-required=\"true\" aria-invalid=\"false\" placeholder=\"Imi\u0119\" value=\"\" type=\"text\" name=\"your-name\" \/><\/span><\/span>\n\t\t\t<\/p>\n\t\t<\/div>\n\t\t<div class=\"column-1_2\">\n\t\t\t<p><span class=\"style-line icon-email\"><span class=\"wpcf7-form-control-wrap\" data-name=\"your-email\"><input size=\"40\" maxlength=\"400\" class=\"wpcf7-form-control wpcf7-email wpcf7-validates-as-required wpcf7-text wpcf7-validates-as-email\" aria-required=\"true\" aria-invalid=\"false\" placeholder=\"Email\" value=\"\" type=\"email\" name=\"your-email\" \/><\/span><\/span>\n\t\t\t<\/p>\n\t\t<\/div>\n\t<\/div>\n\t<div class=\"columns_wrap\">\n\t\t<div class=\"column-1_2\">\n\t\t\t<p><span class=\"style-line icon-phone\"><span class=\"wpcf7-form-control-wrap\" data-name=\"phone\"><input size=\"40\" maxlength=\"400\" class=\"wpcf7-form-control wpcf7-tel wpcf7-validates-as-required wpcf7-text wpcf7-validates-as-tel\" aria-required=\"true\" aria-invalid=\"false\" placeholder=\"Telefon\" value=\"\" type=\"tel\" name=\"phone\" \/><\/span><\/span>\n\t\t\t<\/p>\n\t\t<\/div>\n\t\t<div class=\"column-1_2\">\n\t\t\t<p><span class=\"style-line icon-subject\"><span class=\"wpcf7-form-control-wrap\" data-name=\"subject\"><input size=\"40\" maxlength=\"400\" class=\"wpcf7-form-control wpcf7-text wpcf7-validates-as-required\" aria-required=\"true\" aria-invalid=\"false\" placeholder=\"Temat\" value=\"\" type=\"text\" name=\"subject\" \/><\/span><\/span>\n\t\t\t<\/p>\n\t\t<\/div>\n\t<\/div>\n\t<div class=\"columns_wrap margin-bottom\">\n\t\t<div class=\"column-1_1\">\n\t\t\t<p><span class=\"style-line icon-textarea\"><span class=\"wpcf7-form-control-wrap\" data-name=\"your-message\"><textarea cols=\"40\" rows=\"10\" maxlength=\"2000\" class=\"wpcf7-form-control wpcf7-textarea wpcf7-validates-as-required\" aria-required=\"true\" aria-invalid=\"false\" placeholder=\"Zadaj swoje pytanie\" name=\"your-message\"><\/textarea><\/span><\/span>\n\t\t\t<\/p>\n\t\t<\/div>\n\t<\/div>\n\t<div style=\"text-align:center;\">\n\t\t<p><input class=\"wpcf7-form-control wpcf7-submit has-spinner\" type=\"submit\" value=\"Wy\u015blij\" \/>\n\t\t<\/p>\n\t<\/div>\n<\/div><div class=\"wpcf7-response-output\" aria-hidden=\"true\"><\/div>\n<input type=\"hidden\" name=\"trp-form-language\" value=\"pl\"\/><\/form>\n<\/div>\n\t\t\t\t<\/div>\n\t\t\t\t<\/div>\n\t\t\t\t\t<\/div>\n\t\t<\/div>\n\t\t\t\t\t<\/div>\n\t\t<\/section>\n\t\t\t\t<\/div>","protected":false},"excerpt":{"rendered":"<p>\u041e\u0431\u043e\u0440\u0443\u0434\u043e\u0432\u0430\u043d\u0438\u0435 \u0422\u0430\u043a\u0441\u043e\u043c\u0435\u0442\u0440, \u0442\u0435\u0440\u043c\u0438\u043d\u0430\u043b, \u043f\u0440\u0438\u043d\u0442\u0435\u0440 \u0447\u0435\u043a\u043e\u0432\ud83d\udcb8 120 \u0437\u043b\u043e\u0442\u044b\u0445 \/ \u043c\u0435\u0441\u044f\u0446 \u0421\u0442\u043e\u0438\u043c\u043e\u0441\u0442\u044c \u0432\u043a\u043b\u044e\u0447\u0430\u0435\u0442 \u043f\u043e\u043b\u043d\u044b\u0439 \u043a\u043e\u043c\u043f\u043b\u0435\u043a\u0442: \u0442\u0430\u043a\u0441\u043e\u043c\u0435\u0442\u0440 \u2014 100 \u0437\u043b \/ \u043c\u0435\u0441\u044f\u0446 \u043f\u0440\u0438\u043d\u0442\u0435\u0440 \u0447\u0435\u043a\u043e\u0432 \u2014 +10 \u0437\u043b \u0442\u0435\u0440\u043c\u0438\u043d\u0430\u043b \u2014 +10 \u0437\u043b \u0422\u0435\u0440\u043c\u0438\u043d\u0430\u043b SumUp&hellip;<\/p>","protected":false},"author":1,"featured_media":0,"parent":0,"menu_order":0,"comment_status":"closed","ping_status":"closed","template":"","meta":{"footnotes":""},"class_list":["post-25245","page","type-page","status-publish","hentry"],"_links":{"self":[{"href":"https:\/\/justpartner.pl\/pl\/wp-json\/wp\/v2\/pages\/25245","targetHints":{"allow":["GET"]}}],"collection":[{"href":"https:\/\/justpartner.pl\/pl\/wp-json\/wp\/v2\/pages"}],"about":[{"href":"https:\/\/justpartner.pl\/pl\/wp-json\/wp\/v2\/types\/page"}],"author":[{"embeddable":true,"href":"https:\/\/justpartner.pl\/pl\/wp-json\/wp\/v2\/users\/1"}],"replies":[{"embeddable":true,"href":"https:\/\/justpartner.pl\/pl\/wp-json\/wp\/v2\/comments?post=25245"}],"version-history":[{"count":7,"href":"https:\/\/justpartner.pl\/pl\/wp-json\/wp\/v2\/pages\/25245\/revisions"}],"predecessor-version":[{"id":25356,"href":"https:\/\/justpartner.pl\/pl\/wp-json\/wp\/v2\/pages\/25245\/revisions\/25356"}],"wp:attachment":[{"href":"https:\/\/justpartner.pl\/pl\/wp-json\/wp\/v2\/media?parent=25245"}],"curies":[{"name":"wp","href":"https:\/\/api.w.org\/{rel}","templated":true}]}}