{"id":18626,"date":"2024-01-01T13:51:21","date_gmt":"2024-01-01T13:51:21","guid":{"rendered":"https:\/\/justpartner.pl\/?page_id=18626"},"modified":"2025-11-03T13:12:18","modified_gmt":"2025-11-03T13:12:18","slug":"promo","status":"publish","type":"page","link":"https:\/\/justpartner.pl\/pl\/promo\/","title":{"rendered":"Promocja \u2013 Pole\u0107 znajomego"},"content":{"rendered":"<div data-elementor-type=\"wp-page\" data-elementor-id=\"18626\" class=\"elementor elementor-18626\" data-elementor-post-type=\"page\">\n\t\t\t\t\t\t<section class=\"elementor-section elementor-top-section elementor-element elementor-element-857266e scheme_light elementor-section-boxed elementor-section-height-default elementor-section-height-default sc_fly_static\" data-id=\"857266e\" data-element_type=\"section\" data-settings=\"{&quot;background_background&quot;:&quot;classic&quot;}\">\n\t\t\t\t\t\t<div class=\"elementor-container elementor-column-gap-extended\">\n\t\t\t\t\t<div class=\"elementor-column elementor-col-100 elementor-top-column elementor-element elementor-element-bdcfe39 sc_layouts_column_align_center sc_layouts_column sc_content_align_inherit sc_layouts_column_icons_position_left sc_fly_static\" data-id=\"bdcfe39\" data-element_type=\"column\">\n\t\t\t<div class=\"elementor-widget-wrap elementor-element-populated\">\n\t\t\t\t\t\t<div class=\"elementor-element elementor-element-589712c sc_height_huge sc_fly_static elementor-widget elementor-widget-spacer\" data-id=\"589712c\" data-element_type=\"widget\" data-widget_type=\"spacer.default\">\n\t\t\t\t<div class=\"elementor-widget-container\">\n\t\t\t\t\t\t\t<div class=\"elementor-spacer\">\n\t\t\t<div class=\"elementor-spacer-inner\"><\/div>\n\t\t<\/div>\n\t\t\t\t\t\t<\/div>\n\t\t\t\t<\/div>\n\t\t\t\t<div class=\"elementor-element elementor-element-c7f2084 sc_fly_static elementor-widget elementor-widget-spacer\" data-id=\"c7f2084\" data-element_type=\"widget\" data-widget_type=\"spacer.default\">\n\t\t\t\t<div class=\"elementor-widget-container\">\n\t\t\t\t\t\t\t<div class=\"elementor-spacer\">\n\t\t\t<div class=\"elementor-spacer-inner\"><\/div>\n\t\t<\/div>\n\t\t\t\t\t\t<\/div>\n\t\t\t\t<\/div>\n\t\t\t\t<div class=\"elementor-element elementor-element-eb32465 elementor-widget__width-initial sc_fly_static elementor-widget elementor-widget-trx_sc_title\" data-id=\"eb32465\" data-element_type=\"widget\" data-widget_type=\"trx_sc_title.default\">\n\t\t\t\t<div class=\"elementor-widget-container\">\n\t\t\t\t\t<div\t\tclass=\"sc_title sc_title_default\" ><span class=\"sc_item_subtitle sc_title_subtitle sc_align_center sc_item_subtitle_above sc_item_title_style_default\">Promocja<\/span><h1 class=\"sc_item_title sc_title_title sc_align_center sc_item_title_style_default sc_item_title_tag\"\n\t\t\t><span class=\"sc_item_title_text\">Pole\u0107 znajomego<br><\/span><span class=\"sc_item_title_text2\">i odbierz bonus!<\/span><\/h1><\/div>\t\t\t\t<\/div>\n\t\t\t\t<\/div>\n\t\t\t\t<div class=\"elementor-element elementor-element-e4e95a8 sc_fly_static elementor-widget elementor-widget-spacer\" data-id=\"e4e95a8\" data-element_type=\"widget\" data-widget_type=\"spacer.default\">\n\t\t\t\t<div class=\"elementor-widget-container\">\n\t\t\t\t\t\t\t<div class=\"elementor-spacer\">\n\t\t\t<div class=\"elementor-spacer-inner\"><\/div>\n\t\t<\/div>\n\t\t\t\t\t\t<\/div>\n\t\t\t\t<\/div>\n\t\t\t\t<div class=\"elementor-element elementor-element-a2f7230 sc_fly_static elementor-widget elementor-widget-text-editor\" data-id=\"a2f7230\" data-element_type=\"widget\" data-widget_type=\"text-editor.default\">\n\t\t\t\t<div class=\"elementor-widget-container\">\n\t\t\t\t\t\t\t\t\t<p data-start=\"335\" data-end=\"473\">Cenimy zaufanie oraz rekomendacje naszych partner\u00f3w.<br data-start=\"383\" data-end=\"386\" \/>Je\u015bli jeste\u015b zadowolony ze wsp\u00f3\u0142pracy z Just Partner \u2013 podziel si\u0119 swoim do\u015bwiadczeniem ze znajomymi!<\/p><p data-start=\"475\" data-end=\"619\">Za ka\u017cdego kierowc\u0119, kt\u00f3rego polecisz i kt\u00f3ry pomy\u015blnie rozpocznie prac\u0119 <strong data-start=\"547\" data-end=\"581\">oraz przepracuje pierwszy pe\u0142ny miesi\u0105c,<\/strong>otrzymasz <strong data-start=\"595\" data-end=\"614\">bonus 200 z\u0142<\/strong> \ud83d\udcb8<\/p>\t\t\t\t\t\t\t\t<\/div>\n\t\t\t\t<\/div>\n\t\t\t\t\t<\/div>\n\t\t<\/div>\n\t\t\t\t\t<\/div>\n\t\t<\/section>\n\t\t\t\t<section class=\"elementor-section elementor-top-section elementor-element elementor-element-887cedc scheme_light elementor-section-boxed elementor-section-height-default elementor-section-height-default sc_fly_static\" data-id=\"887cedc\" data-element_type=\"section\" data-settings=\"{&quot;background_background&quot;:&quot;classic&quot;}\">\n\t\t\t\t\t\t<div class=\"elementor-container elementor-column-gap-extended\">\n\t\t\t\t\t<div class=\"elementor-column elementor-col-16 elementor-top-column elementor-element elementor-element-cbf9e05 sc_content_align_inherit sc_layouts_column_icons_position_left sc_fly_static\" data-id=\"cbf9e05\" data-element_type=\"column\">\n\t\t\t<div class=\"elementor-widget-wrap\">\n\t\t\t\t\t\t\t<\/div>\n\t\t<\/div>\n\t\t\t\t<div class=\"elementor-column elementor-col-66 elementor-top-column elementor-element elementor-element-0f569a9 sc_content_align_inherit sc_layouts_column_icons_position_left sc_fly_static\" data-id=\"0f569a9\" data-element_type=\"column\">\n\t\t\t<div class=\"elementor-widget-wrap elementor-element-populated\">\n\t\t\t\t\t\t<div class=\"elementor-element elementor-element-9dcf3ab sc_height_huge sc_fly_static elementor-widget elementor-widget-spacer\" data-id=\"9dcf3ab\" data-element_type=\"widget\" data-widget_type=\"spacer.default\">\n\t\t\t\t<div class=\"elementor-widget-container\">\n\t\t\t\t\t\t\t<div class=\"elementor-spacer\">\n\t\t\t<div class=\"elementor-spacer-inner\"><\/div>\n\t\t<\/div>\n\t\t\t\t\t\t<\/div>\n\t\t\t\t<\/div>\n\t\t\t\t<div class=\"elementor-element elementor-element-e8434af sc_fly_static elementor-widget elementor-widget-spacer\" data-id=\"e8434af\" data-element_type=\"widget\" data-widget_type=\"spacer.default\">\n\t\t\t\t<div class=\"elementor-widget-container\">\n\t\t\t\t\t\t\t<div class=\"elementor-spacer\">\n\t\t\t<div class=\"elementor-spacer-inner\"><\/div>\n\t\t<\/div>\n\t\t\t\t\t\t<\/div>\n\t\t\t\t<\/div>\n\t\t\t\t<div class=\"elementor-element elementor-element-dfdff62 sc_fly_static elementor-widget elementor-widget-image\" data-id=\"dfdff62\" data-element_type=\"widget\" data-widget_type=\"image.default\">\n\t\t\t\t<div class=\"elementor-widget-container\">\n\t\t\t\t\t\t\t\t\t\t\t\t\t\t\t<img fetchpriority=\"high\" decoding=\"async\" width=\"1024\" height=\"1024\" src=\"https:\/\/justpartner.pl\/wp-content\/uploads\/2024\/01\/image-g2en.webp\" class=\"attachment-large size-large wp-image-25211\" alt=\"\" srcset=\"https:\/\/justpartner.pl\/wp-content\/uploads\/2024\/01\/image-g2en.webp 1024w, https:\/\/justpartner.pl\/wp-content\/uploads\/2024\/01\/image-g2en-300x300.webp 300w, https:\/\/justpartner.pl\/wp-content\/uploads\/2024\/01\/image-g2en-150x150.webp 150w, https:\/\/justpartner.pl\/wp-content\/uploads\/2024\/01\/image-g2en-768x768.webp 768w, https:\/\/justpartner.pl\/wp-content\/uploads\/2024\/01\/image-g2en-370x370.webp 370w, https:\/\/justpartner.pl\/wp-content\/uploads\/2024\/01\/image-g2en-120x120.webp 120w, https:\/\/justpartner.pl\/wp-content\/uploads\/2024\/01\/image-g2en-840x840.webp 840w, https:\/\/justpartner.pl\/wp-content\/uploads\/2024\/01\/image-g2en-410x410.webp 410w\" sizes=\"(max-width: 1024px) 100vw, 1024px\" \/>\t\t\t\t\t\t\t\t\t\t\t\t\t\t\t<\/div>\n\t\t\t\t<\/div>\n\t\t\t\t<div class=\"elementor-element elementor-element-396ae5e sc_fly_static elementor-widget elementor-widget-spacer\" data-id=\"396ae5e\" data-element_type=\"widget\" data-widget_type=\"spacer.default\">\n\t\t\t\t<div class=\"elementor-widget-container\">\n\t\t\t\t\t\t\t<div class=\"elementor-spacer\">\n\t\t\t<div class=\"elementor-spacer-inner\"><\/div>\n\t\t<\/div>\n\t\t\t\t\t\t<\/div>\n\t\t\t\t<\/div>\n\t\t\t\t\t<\/div>\n\t\t<\/div>\n\t\t\t\t<div class=\"elementor-column elementor-col-16 elementor-top-column elementor-element elementor-element-24a8927 sc_content_align_inherit sc_layouts_column_icons_position_left sc_fly_static\" data-id=\"24a8927\" data-element_type=\"column\">\n\t\t\t<div class=\"elementor-widget-wrap\">\n\t\t\t\t\t\t\t<\/div>\n\t\t<\/div>\n\t\t\t\t\t<\/div>\n\t\t<\/section>\n\t\t\t\t<\/div>","protected":false},"excerpt":{"rendered":"<p>\u0410\u043a\u0446\u0438\u044f \u00ab\u041f\u0440\u0438\u0432\u0435\u0434\u0438 \u0434\u0440\u0443\u0433\u0430\u00bb\u0438 \u043f\u043e\u043b\u0443\u0447\u0430\u0439 \u0431\u043e\u043d\u0443\u0441 \u041c\u044b \u0446\u0435\u043d\u0438\u043c \u0434\u043e\u0432\u0435\u0440\u0438\u0435 \u0438 \u0440\u0435\u043a\u043e\u043c\u0435\u043d\u0434\u0430\u0446\u0438\u0438 \u043d\u0430\u0448\u0438\u0445 \u043f\u0430\u0440\u0442\u043d\u0451\u0440\u043e\u0432.\u0415\u0441\u043b\u0438 \u0432\u044b \u0434\u043e\u0432\u043e\u043b\u044c\u043d\u044b \u0441\u043e\u0442\u0440\u0443\u0434\u043d\u0438\u0447\u0435\u0441\u0442\u0432\u043e\u043c \u0441 Just Partner \u2014 \u043f\u043e\u0434\u0435\u043b\u0438\u0442\u0435\u0441\u044c \u0441\u0432\u043e\u0438\u043c \u043e\u043f\u044b\u0442\u043e\u043c \u0441 \u0434\u0440\u0443\u0437\u044c\u044f\u043c\u0438! \u0417\u0430 \u043a\u0430\u0436\u0434\u043e\u0433\u043e \u043f\u0440\u0438\u0433\u043b\u0430\u0448\u0451\u043d\u043d\u043e\u0433\u043e \u0432\u0430\u043c\u0438 \u0432\u043e\u0434\u0438\u0442\u0435\u043b\u044f, \u043a\u043e\u0442\u043e\u0440\u044b\u0439&hellip;<\/p>","protected":false},"author":1,"featured_media":0,"parent":0,"menu_order":0,"comment_status":"closed","ping_status":"closed","template":"","meta":{"footnotes":""},"class_list":["post-18626","page","type-page","status-publish","hentry"],"_links":{"self":[{"href":"https:\/\/justpartner.pl\/pl\/wp-json\/wp\/v2\/pages\/18626","targetHints":{"allow":["GET"]}}],"collection":[{"href":"https:\/\/justpartner.pl\/pl\/wp-json\/wp\/v2\/pages"}],"about":[{"href":"https:\/\/justpartner.pl\/pl\/wp-json\/wp\/v2\/types\/page"}],"author":[{"embeddable":true,"href":"https:\/\/justpartner.pl\/pl\/wp-json\/wp\/v2\/users\/1"}],"replies":[{"embeddable":true,"href":"https:\/\/justpartner.pl\/pl\/wp-json\/wp\/v2\/comments?post=18626"}],"version-history":[{"count":7,"href":"https:\/\/justpartner.pl\/pl\/wp-json\/wp\/v2\/pages\/18626\/revisions"}],"predecessor-version":[{"id":25315,"href":"https:\/\/justpartner.pl\/pl\/wp-json\/wp\/v2\/pages\/18626\/revisions\/25315"}],"wp:attachment":[{"href":"https:\/\/justpartner.pl\/pl\/wp-json\/wp\/v2\/media?parent=18626"}],"curies":[{"name":"wp","href":"https:\/\/api.w.org\/{rel}","templated":true}]}}